{"id":28,"date":"2025-03-28T14:49:29","date_gmt":"2025-03-28T14:49:29","guid":{"rendered":"https:\/\/olimpstal.niubrands.pl\/?page_id=28"},"modified":"2025-05-12T08:59:01","modified_gmt":"2025-05-12T08:59:01","slug":"kontakt","status":"publish","type":"page","link":"https:\/\/blachoprojekt.pl\/index.php\/kontakt\/","title":{"rendered":"Kontakt"},"content":{"rendered":"<section class=\"bde-section-28-114 bde-section\">\n  \n  \n\t\n\n\n\n<div class=\"section-container\"><div class=\"bde-fancy-divider-28-116 bde-fancy-divider\">\n\n\n<div class=\"bde-fancy-divider__wrapper\">\n  <div class=\"bde-fancy-divider__separator   \">\n  \t  <\/div>\n<\/div>\n\n<\/div><h1 class=\"bde-heading-28-117 bde-heading\">\nKontakt\n<\/h1><\/div>\n<\/section><section class=\"bde-section-28-132 bde-section\">\n  \n  \n\t\n\n\n\n<div class=\"section-container\"><div class=\"bde-icon-box-28-133 bde-icon-box\">\n\n    \n            <div class=\"ee-iconbox-icon breakdance-icon-atom\" >\n    \n                    <svg xmlns=\"http:\/\/www.w3.org\/2000\/svg\" width=\"18\" height=\"19\" viewBox=\"0 0 18 19\" fill=\"none\">\r\n<path d=\"M9.33233 10.7178C9.68067 10.7178 10.0256 10.6491 10.3474 10.5158C10.6693 10.3825 10.9617 10.1871 11.208 9.94081C11.4543 9.69449 11.6497 9.40207 11.783 9.08023C11.9164 8.7584 11.985 8.41346 11.985 8.06511C11.985 7.71676 11.9164 7.37183 11.783 7.04999C11.6497 6.72816 11.4543 6.43574 11.208 6.18941C10.9617 5.94309 10.6693 5.7477 10.3474 5.6144C10.0256 5.48109 9.68067 5.41248 9.33233 5.41248C8.6288 5.41248 7.95409 5.69195 7.45663 6.18941C6.95916 6.68688 6.67969 7.36159 6.67969 8.06511C6.67969 8.76864 6.95916 9.44335 7.45663 9.94081C7.95409 10.4383 8.6288 10.7178 9.33233 10.7178Z\" stroke=\"#1D1D1D\" stroke-width=\"2\"\/>\r\n<path d=\"M2.20639 6.51783C3.88129 -0.844942 14.7894 -0.836439 16.4558 6.52633C17.4336 10.8454 14.7469 14.5012 12.3918 16.7628C11.5689 17.5565 10.4702 18 9.32685 18C8.18354 18 7.0848 17.5565 6.26187 16.7628C3.9153 14.5012 1.22866 10.8369 2.20639 6.51783Z\" stroke=\"#1D1D1D\" stroke-width=\"2\"\/>\r\n<\/svg>\n        \n        \n        \n            <\/div>\n    \n\n<div class=\"ee-iconbox-content\">\n      <h3 class=\"ee-iconbox-title bde-h3\" >Adres<\/h3>\n        <div class=\"ee-iconbox-text\" >KRZEPCZ\u00d3W STARY 20A<\/div>\n    <\/div>\n\n<\/div><div class=\"bde-icon-box-28-134 bde-icon-box\">\n\n    \n            <div class=\"ee-iconbox-icon breakdance-icon-atom\" >\n    \n                    <svg xmlns=\"http:\/\/www.w3.org\/2000\/svg\" width=\"20\" height=\"19\" viewBox=\"0 0 20 19\" fill=\"none\">\r\n<path d=\"M4.11549 15.0442V12.5497C4.11549 11.7211 4.79942 10.9779 5.77132 10.9779C6.64424 10.9779 7.42716 11.6271 7.42716 12.5497V14.9503C7.42716 16.6161 5.9693 18 4.21448 18C2.45965 18 1.0018 16.6075 1.0018 14.9503V9.68794C0.90281 4.88693 4.89841 1 9.9559 1C15.0134 1 19 4.88693 19 9.59397V14.8563C19 16.5221 17.5421 17.906 15.7873 17.906C14.0325 17.906 12.5746 16.5221 12.5746 14.8563V12.4558C12.5746 11.6271 13.2586 10.8839 14.2305 10.8839C15.1034 10.8839 15.8863 11.5332 15.8863 12.4558V15.0442\" stroke=\"white\" stroke-width=\"2\" stroke-linecap=\"round\" stroke-linejoin=\"round\"\/>\r\n<\/svg>\n        \n        \n        \n            <\/div>\n    \n\n<div class=\"ee-iconbox-content\">\n      <h3 class=\"ee-iconbox-title bde-h3\" >Telefon<\/h3>\n        <div class=\"ee-iconbox-text\" >+ 48 530 290 300<\/div>\n            \n                        \n                        \n    \n    \n    \n    \n            \n                    \n            \n            \n\n    \n    \n    \n    \n    \n    <a class=\"breakdance-link button-atom button-atom--custom ee-iconbox-button\" href=\"tel:530290300\" target=\"_self\" data-type=\"contact\"  >\n\n    \n        <span class=\"button-atom__text\">Zadzwo\u0144<\/span>\n\n        \n        \n                <\/a>\n\n    \n\n  <\/div>\n\n<\/div><div class=\"bde-icon-box-28-135 bde-icon-box\">\n\n    \n            <div class=\"ee-iconbox-icon breakdance-icon-atom\" >\n    \n                    <svg xmlns=\"http:\/\/www.w3.org\/2000\/svg\" width=\"22\" height=\"19\" viewBox=\"0 0 22 19\" fill=\"none\">\r\n<path d=\"M16 18H6C3 18 1 16.5 1 13V6C1 2.5 3 1 6 1H16C19 1 21 2.5 21 6V13C21 16.5 19 18 16 18Z\" stroke=\"#1D1D1D\" stroke-width=\"2\" stroke-miterlimit=\"10\" stroke-linecap=\"round\" stroke-linejoin=\"round\"\/>\r\n<path d=\"M16 6.5L12.87 9C11.84 9.82 10.15 9.82 9.12 9L6 6.5\" stroke=\"#1D1D1D\" stroke-width=\"2\" stroke-miterlimit=\"10\" stroke-linecap=\"round\" stroke-linejoin=\"round\"\/>\r\n<\/svg>\n        \n        \n        \n            <\/div>\n    \n\n<div class=\"ee-iconbox-content\">\n      <h3 class=\"ee-iconbox-title bde-h3\" >Email<\/h3>\n        <div class=\"ee-iconbox-text\" >biuro@blachoprojekt.pl<\/div>\n    <\/div>\n\n<\/div><\/div>\n<\/section><section class=\"bde-section-28-177 bde-section\">\n  \n  \n\t\n\n\n\n<div class=\"section-container\"><h1 class=\"bde-heading-28-178 bde-heading\">\nZam\u00f3w bezp\u0142atn\u0105 wycen\u0119\n<\/h1><div class=\"bde-button-28-180 bde-button\">\n    \n                        \n                        \n    \n    \n    \n    \n            \n                    \n            \n            \n\n    \n    \n    \n    \n    \n    <a class=\"breakdance-link button-atom button-atom--custom bde-button__button\" href=\"tel:530290300\" target=\"_self\" data-type=\"contact\"  >\n\n    \n        <span class=\"button-atom__text\">Zadzwo\u0144<\/span>\n\n        \n        \n                <\/a>\n\n    \n\n\n<\/div><\/div>\n<\/section>","protected":false},"excerpt":{"rendered":"<p>Kontakt Adres KRZEPCZ\u00d3W STARY 20A Telefon + 48 530 290 300 Zadzwo\u0144 Email biuro@blachoprojekt.pl Zam\u00f3w bezp\u0142atn\u0105 wycen\u0119 Zadzwo\u0144<\/p>\n","protected":false},"author":1,"featured_media":0,"parent":0,"menu_order":0,"comment_status":"closed","ping_status":"closed","template":"","meta":{"_breakdance_hide_in_design_set":false,"_breakdance_tags":"","footnotes":""},"class_list":["post-28","page","type-page","status-publish","hentry"],"_links":{"self":[{"href":"https:\/\/blachoprojekt.pl\/index.php\/wp-json\/wp\/v2\/pages\/28","targetHints":{"allow":["GET"]}}],"collection":[{"href":"https:\/\/blachoprojekt.pl\/index.php\/wp-json\/wp\/v2\/pages"}],"about":[{"href":"https:\/\/blachoprojekt.pl\/index.php\/wp-json\/wp\/v2\/types\/page"}],"author":[{"embeddable":true,"href":"https:\/\/blachoprojekt.pl\/index.php\/wp-json\/wp\/v2\/users\/1"}],"replies":[{"embeddable":true,"href":"https:\/\/blachoprojekt.pl\/index.php\/wp-json\/wp\/v2\/comments?post=28"}],"version-history":[{"count":11,"href":"https:\/\/blachoprojekt.pl\/index.php\/wp-json\/wp\/v2\/pages\/28\/revisions"}],"predecessor-version":[{"id":323,"href":"https:\/\/blachoprojekt.pl\/index.php\/wp-json\/wp\/v2\/pages\/28\/revisions\/323"}],"wp:attachment":[{"href":"https:\/\/blachoprojekt.pl\/index.php\/wp-json\/wp\/v2\/media?parent=28"}],"curies":[{"name":"wp","href":"https:\/\/api.w.org\/{rel}","templated":true}]}}