{"id":303,"date":"2025-05-08T13:35:11","date_gmt":"2025-05-08T13:35:11","guid":{"rendered":"https:\/\/blachoprojekt.pl\/?page_id=303"},"modified":"2025-05-12T09:01:31","modified_gmt":"2025-05-12T09:01:31","slug":"polityka-prywatnosci-2","status":"publish","type":"page","link":"https:\/\/blachoprojekt.pl\/index.php\/polityka-prywatnosci-2\/","title":{"rendered":"Polityka prywatno\u015bci"},"content":{"rendered":"<section class=\"bde-section-303-100 bde-section\">\n  \n  \n\t\n\n\n\n<div class=\"section-container\"><div class=\"bde-rich-text-303-101 bde-rich-text breakdance-rich-text-styles\">\n<h2 class=\"\" style=\"text-align: left;\" data-start=\"174\" data-end=\"197\">Polityka Prywatno\u015bci<\/h2>\n<h3 class=\"\" data-start=\"199\" data-end=\"223\">1. Informacje og\u00f3lne<\/h3>\n<p class=\"\" data-start=\"225\" data-end=\"623\">Niniejsza Polityka Prywatno\u015bci okre\u015bla zasady przetwarzania i ochrony danych osobowych u\u017cytkownik\u00f3w odwiedzaj\u0105cych stron\u0119 internetow\u0105 www.blachoprojekt.pl\u00a0(dalej: \u201eStrona\u201d). Dbamy o prywatno\u015b\u0107 u\u017cytkownik\u00f3w i przetwarzamy dane zgodnie z przepisami prawa, w tym Rozporz\u0105dzeniem Parlamentu Europejskiego i Rady (UE) 2016\/679 (\u201eRODO\u201d) oraz ustaw\u0105 z dnia 10 maja 2018 r. o ochronie danych osobowych.<\/p>\n<h3 class=\"\" data-start=\"625\" data-end=\"662\">2. Administrator danych osobowych<\/h3>\n<p class=\"\" data-start=\"664\" data-end=\"852\">Administratorem danych osobowych jest:<br data-start=\"702\" data-end=\"705\" \/>BLACHO PROJEKT MICHA\u0141 ST\u0118PIE\u0143<br data-start=\"740\" data-end=\"743\" \/>Krzepcz\u00f3w Stary 20A<br \/>97-306 Grabica, Polska<br data-start=\"763\" data-end=\"766\" \/>NIP 7292452533<br data-start=\"797\" data-end=\"800\" \/><strong data-start=\"800\" data-end=\"852\">E-mail kontaktowy: biuro@blachoprojekt.pl<\/strong><\/p>\n<h3 class=\"\" data-start=\"854\" data-end=\"889\">3. Zakres przetwarzanych danych<\/h3>\n<p class=\"\" data-start=\"891\" data-end=\"1102\">Strona nie gromadzi danych osobowych u\u017cytkownik\u00f3w w spos\u00f3b bezpo\u015bredni (np. poprzez formularze kontaktowe). Dane mog\u0105 by\u0107 przetwarzane jedynie w spos\u00f3b automatyczny \u2013 przez pliki cookies i narz\u0119dzia analityczne.<\/p>\n<h3 class=\"\" data-start=\"1104\" data-end=\"1124\">4. Pliki cookies<\/h3>\n<p class=\"\" data-start=\"1126\" data-end=\"1249\">Strona wykorzystuje pliki cookies, kt\u00f3re mog\u0105 by\u0107 zapisywane w urz\u0105dzeniu ko\u0144cowym u\u017cytkownika. Cookies pozwalaj\u0105 m.in. na:<\/p>\n<ul data-start=\"1250\" data-end=\"1357\">\n<li class=\"\" data-start=\"1250\" data-end=\"1310\">\n<p class=\"\" data-start=\"1252\" data-end=\"1310\">dostosowanie zawarto\u015bci strony do preferencji u\u017cytkownika,<\/p>\n<\/li>\n<li class=\"\" data-start=\"1311\" data-end=\"1357\">\n<p class=\"\" data-start=\"1313\" data-end=\"1357\">zbieranie anonimowych danych statystycznych.<\/p>\n<\/li>\n<\/ul>\n<p class=\"\" data-start=\"1359\" data-end=\"1452\">U\u017cytkownik mo\u017ce w ka\u017cdej chwili zarz\u0105dza\u0107 plikami cookies w ustawieniach swojej przegl\u0105darki.<\/p>\n<h3 class=\"\" data-start=\"1454\" data-end=\"1481\">5. Narz\u0119dzia zewn\u0119trzne<\/h3>\n<h4 class=\"\" data-start=\"1483\" data-end=\"1507\">a) Google Analytics<\/h4>\n<p class=\"\" data-start=\"1509\" data-end=\"1658\">Strona mo\u017ce korzysta\u0107 z narz\u0119dzia Google Analytics, kt\u00f3re umo\u017cliwia analiz\u0119 ruchu internetowego. Google Analytics gromadzi dane anonimowo, takie jak:<\/p>\n<ul data-start=\"1659\" data-end=\"1743\">\n<li class=\"\" data-start=\"1659\" data-end=\"1682\">\n<p class=\"\" data-start=\"1661\" data-end=\"1682\">odwiedzane podstrony,<\/p>\n<\/li>\n<li class=\"\" data-start=\"1683\" data-end=\"1710\">\n<p class=\"\" data-start=\"1685\" data-end=\"1710\">czas sp\u0119dzony na stronie,<\/p>\n<\/li>\n<li class=\"\" data-start=\"1711\" data-end=\"1743\">\n<p class=\"\" data-start=\"1713\" data-end=\"1743\">typ urz\u0105dzenia i przegl\u0105darki.<\/p>\n<\/li>\n<\/ul>\n<p class=\"\" data-start=\"1745\" data-end=\"1930\">Dostawc\u0105 us\u0142ugi jest Google LLC, z siedzib\u0105 w USA. Dane s\u0105 przetwarzane zgodnie z polityk\u0105 prywatno\u015bci Google: <a class=\"cursor-pointer\" target=\"_new\" rel=\"noopener\" data-start=\"1856\" data-end=\"1930\">https:\/\/policies.google.com\/privacy<\/a><\/p>\n<p class=\"\" data-start=\"1932\" data-end=\"2146\">Je\u015bli nie \u017cyczysz sobie przetwarzania danych przez Google Analytics, mo\u017cesz skorzysta\u0107 z narz\u0119dzia blokuj\u0105cego, dost\u0119pnego tutaj: <a class=\"cursor-pointer\" target=\"_new\" rel=\"noopener\" data-start=\"2062\" data-end=\"2146\">https:\/\/tools.google.com\/dlpage\/gaoptout<\/a><\/p>\n<h4 class=\"\" data-start=\"2148\" data-end=\"2168\">b) Google Fonts<\/h4>\n<p class=\"\" data-start=\"2170\" data-end=\"2394\">Strona mo\u017ce korzysta\u0107 z czcionek Google Fonts, kt\u00f3re s\u0105 \u0142adowane z serwer\u00f3w Google. Przy ka\u017cdym za\u0142adowaniu strony przegl\u0105darka u\u017cytkownika mo\u017ce nawi\u0105zywa\u0107 po\u0142\u0105czenie z serwerami Google, co wi\u0105\u017ce si\u0119 z przes\u0142aniem adresu IP.<\/p>\n<p class=\"\" data-start=\"2396\" data-end=\"2548\">Wi\u0119cej informacji na temat przetwarzania danych przez Google dost\u0119pne jest pod adresem: <a class=\"cursor-pointer\" target=\"_new\" rel=\"noopener\" data-start=\"2484\" data-end=\"2548\">https:\/\/fonts.google.com\/about<\/a><\/p>\n<h3 class=\"\" data-start=\"2550\" data-end=\"2569\">6. Logi serwera<\/h3>\n<p class=\"\" data-start=\"2571\" data-end=\"2643\">Podczas korzystania ze strony mog\u0105 by\u0107 zapisywane dane w logach serwera:<\/p>\n<ul data-start=\"2644\" data-end=\"2732\">\n<li class=\"\" data-start=\"2644\" data-end=\"2655\">\n<p class=\"\" data-start=\"2646\" data-end=\"2655\">adres IP,<\/p>\n<\/li>\n<li class=\"\" data-start=\"2656\" data-end=\"2680\">\n<p class=\"\" data-start=\"2658\" data-end=\"2680\">data i czas odwiedzin,<\/p>\n<\/li>\n<li class=\"\" data-start=\"2681\" data-end=\"2732\">\n<p class=\"\" data-start=\"2683\" data-end=\"2732\">informacje o systemie operacyjnym i przegl\u0105darce.<\/p>\n<\/li>\n<\/ul>\n<p class=\"\" data-start=\"2734\" data-end=\"2853\">Dane te s\u0105 wykorzystywane wy\u0142\u0105cznie w celach technicznych i statystycznych oraz nie s\u0105 kojarzone z konkretnymi osobami.<\/p>\n<h3 class=\"\" data-start=\"2855\" data-end=\"2879\">7. Prawa u\u017cytkownika<\/h3>\n<p class=\"\" data-start=\"2881\" data-end=\"2929\">Zgodnie z RODO, u\u017cytkownikowi przys\u0142uguj\u0105 prawa:<\/p>\n<ul data-start=\"2930\" data-end=\"3153\">\n<li class=\"\" data-start=\"2930\" data-end=\"2957\">\n<p class=\"\" data-start=\"2932\" data-end=\"2957\">dost\u0119pu do swoich danych,<\/p>\n<\/li>\n<li class=\"\" data-start=\"2958\" data-end=\"2991\">\n<p class=\"\" data-start=\"2960\" data-end=\"2991\">ich sprostowania lub usuni\u0119cia,<\/p>\n<\/li>\n<li class=\"\" data-start=\"2992\" data-end=\"3021\">\n<p class=\"\" data-start=\"2994\" data-end=\"3021\">ograniczenia przetwarzania,<\/p>\n<\/li>\n<li class=\"\" data-start=\"3022\" data-end=\"3045\">\n<p class=\"\" data-start=\"3024\" data-end=\"3045\">wniesienia sprzeciwu,<\/p>\n<\/li>\n<li class=\"\" data-start=\"3046\" data-end=\"3069\">\n<p class=\"\" data-start=\"3048\" data-end=\"3069\">przeniesienia danych,<\/p>\n<\/li>\n<li class=\"\" data-start=\"3070\" data-end=\"3153\">\n<p class=\"\" data-start=\"3072\" data-end=\"3153\">wniesienia skargi do organu nadzorczego (Prezes Urz\u0119du Ochrony Danych Osobowych).<\/p>\n<\/li>\n<\/ul>\n<p class=\"\" data-start=\"3155\" data-end=\"3235\">Kontakt w sprawach zwi\u0105zanych z danymi osobowymi: biuro@blachoprojekt.pl.<\/p>\n<h3 class=\"\" data-start=\"3237\" data-end=\"3273\">8. Zmiany w Polityce Prywatno\u015bci<\/h3>\n<p class=\"\" data-start=\"3275\" data-end=\"3447\">Administrator zastrzega sobie prawo do wprowadzania zmian w niniejszej Polityce Prywatno\u015bci. Zmiany b\u0119d\u0105 publikowane na stronie i wchodz\u0105 w \u017cycie z dniem ich opublikowania.<\/p>\n<\/div><\/div>\n<\/section>","protected":false},"excerpt":{"rendered":"<p>Polityka Prywatno\u015bci 1. Informacje og\u00f3lne Niniejsza Polityka Prywatno\u015bci okre\u015bla zasady przetwarzania i ochrony danych osobowych u\u017cytkownik\u00f3w odwiedzaj\u0105cych stron\u0119 internetow\u0105 www.blachoprojekt.pl\u00a0(dalej: \u201eStrona\u201d). Dbamy o prywatno\u015b\u0107 u\u017cytkownik\u00f3w i przetwarzamy dane zgodnie z przepisami prawa, w tym Rozporz\u0105dzeniem Parlamentu Europejskiego i Rady (UE) 2016\/679 (\u201eRODO\u201d) oraz ustaw\u0105 z dnia 10 maja 2018 r. o ochronie danych osobowych. 2. [&hellip;]<\/p>\n","protected":false},"author":1,"featured_media":0,"parent":0,"menu_order":0,"comment_status":"closed","ping_status":"closed","template":"","meta":{"_breakdance_hide_in_design_set":false,"_breakdance_tags":"","footnotes":""},"class_list":["post-303","page","type-page","status-publish","hentry"],"_links":{"self":[{"href":"https:\/\/blachoprojekt.pl\/index.php\/wp-json\/wp\/v2\/pages\/303","targetHints":{"allow":["GET"]}}],"collection":[{"href":"https:\/\/blachoprojekt.pl\/index.php\/wp-json\/wp\/v2\/pages"}],"about":[{"href":"https:\/\/blachoprojekt.pl\/index.php\/wp-json\/wp\/v2\/types\/page"}],"author":[{"embeddable":true,"href":"https:\/\/blachoprojekt.pl\/index.php\/wp-json\/wp\/v2\/users\/1"}],"replies":[{"embeddable":true,"href":"https:\/\/blachoprojekt.pl\/index.php\/wp-json\/wp\/v2\/comments?post=303"}],"version-history":[{"count":6,"href":"https:\/\/blachoprojekt.pl\/index.php\/wp-json\/wp\/v2\/pages\/303\/revisions"}],"predecessor-version":[{"id":328,"href":"https:\/\/blachoprojekt.pl\/index.php\/wp-json\/wp\/v2\/pages\/303\/revisions\/328"}],"wp:attachment":[{"href":"https:\/\/blachoprojekt.pl\/index.php\/wp-json\/wp\/v2\/media?parent=303"}],"curies":[{"name":"wp","href":"https:\/\/api.w.org\/{rel}","templated":true}]}}