{"id":373,"date":"2025-06-16T05:20:27","date_gmt":"2025-06-16T05:20:27","guid":{"rendered":"https:\/\/blachoprojekt.pl\/?page_id=373"},"modified":"2025-06-16T05:23:57","modified_gmt":"2025-06-16T05:23:57","slug":"model-m4","status":"publish","type":"page","link":"https:\/\/blachoprojekt.pl\/index.php\/model-m4\/","title":{"rendered":"Model M4"},"content":{"rendered":"<section class=\"bde-section-373-100 bde-section\">\n  \n  \n\t\n\n\n\n<div class=\"section-container\"><h1 class=\"bde-heading-373-101 bde-heading\">\nDost\u0119pne kolory modelu M4\n<\/h1><div class=\"bde-columns-373-102 bde-columns\"><div class=\"bde-column-373-103 bde-column\">\n  \n  \n\t\n\n\n\n<div class=\"bde-image-box-373-104 bde-image-box\">\n<div class=\"ee-imagebox-image\">\n  <img loading=\"lazy\" decoding=\"async\" class=\"breakdance-image-object\" src=\"https:\/\/blachoprojekt.pl\/wp-content\/uploads\/2025\/06\/BRAZ-MAT-8017-3-scaled.jpg\" width=\"1920\" height=\"2560\" srcset=\"https:\/\/blachoprojekt.pl\/wp-content\/uploads\/2025\/06\/BRAZ-MAT-8017-3-scaled.jpg 1920w, https:\/\/blachoprojekt.pl\/wp-content\/uploads\/2025\/06\/BRAZ-MAT-8017-3-225x300.jpg 225w, https:\/\/blachoprojekt.pl\/wp-content\/uploads\/2025\/06\/BRAZ-MAT-8017-3-768x1024.jpg 768w, https:\/\/blachoprojekt.pl\/wp-content\/uploads\/2025\/06\/BRAZ-MAT-8017-3-1152x1536.jpg 1152w, https:\/\/blachoprojekt.pl\/wp-content\/uploads\/2025\/06\/BRAZ-MAT-8017-3-1536x2048.jpg 1536w\" sizes=\"auto, (max-width: 1920px) 100vw, 1920px\">\n<\/div>\n<div class=\"ee-imagebox-content\">\n      <p class=\"ee-imagebox-title bde-h3\" >Br\u0105z mat 8017<\/p>\n    \n    \n  <\/div>\n\n<\/div>\n<\/div><div class=\"bde-column-373-105 bde-column\">\n  \n  \n\t\n\n\n\n<div class=\"bde-image-box-373-106 bde-image-box\">\n<div class=\"ee-imagebox-image\">\n  <img loading=\"lazy\" decoding=\"async\" class=\"breakdance-image-object\" src=\"https:\/\/blachoprojekt.pl\/wp-content\/uploads\/2025\/06\/BRAZ-MAT-8019-1-scaled.jpg\" width=\"1920\" height=\"2560\" srcset=\"https:\/\/blachoprojekt.pl\/wp-content\/uploads\/2025\/06\/BRAZ-MAT-8019-1-scaled.jpg 1920w, https:\/\/blachoprojekt.pl\/wp-content\/uploads\/2025\/06\/BRAZ-MAT-8019-1-225x300.jpg 225w, https:\/\/blachoprojekt.pl\/wp-content\/uploads\/2025\/06\/BRAZ-MAT-8019-1-768x1024.jpg 768w, https:\/\/blachoprojekt.pl\/wp-content\/uploads\/2025\/06\/BRAZ-MAT-8019-1-1152x1536.jpg 1152w, https:\/\/blachoprojekt.pl\/wp-content\/uploads\/2025\/06\/BRAZ-MAT-8019-1-1536x2048.jpg 1536w\" sizes=\"auto, (max-width: 1920px) 100vw, 1920px\">\n<\/div>\n<div class=\"ee-imagebox-content\">\n      <p class=\"ee-imagebox-title bde-h3\" >Br\u0105z mat 8019<\/p>\n    \n    \n  <\/div>\n\n<\/div>\n<\/div><div class=\"bde-column-373-107 bde-column\">\n  \n  \n\t\n\n\n\n<div class=\"bde-image-box-373-108 bde-image-box\">\n<div class=\"ee-imagebox-image\">\n  <img loading=\"lazy\" decoding=\"async\" class=\"breakdance-image-object\" src=\"https:\/\/blachoprojekt.pl\/wp-content\/uploads\/2025\/06\/BRAZ-POLYSK-8017-4-scaled.jpg\" width=\"1920\" height=\"2560\" srcset=\"https:\/\/blachoprojekt.pl\/wp-content\/uploads\/2025\/06\/BRAZ-POLYSK-8017-4-scaled.jpg 1920w, https:\/\/blachoprojekt.pl\/wp-content\/uploads\/2025\/06\/BRAZ-POLYSK-8017-4-225x300.jpg 225w, https:\/\/blachoprojekt.pl\/wp-content\/uploads\/2025\/06\/BRAZ-POLYSK-8017-4-768x1024.jpg 768w, https:\/\/blachoprojekt.pl\/wp-content\/uploads\/2025\/06\/BRAZ-POLYSK-8017-4-1152x1536.jpg 1152w, https:\/\/blachoprojekt.pl\/wp-content\/uploads\/2025\/06\/BRAZ-POLYSK-8017-4-1536x2048.jpg 1536w\" sizes=\"auto, (max-width: 1920px) 100vw, 1920px\">\n<\/div>\n<div class=\"ee-imagebox-content\">\n      <p class=\"ee-imagebox-title bde-h3\" >Br\u0105\u017c po\u0142ysk 8017<\/p>\n    \n    \n  <\/div>\n\n<\/div>\n<\/div><div class=\"bde-column-373-109 bde-column\">\n  \n  \n\t\n\n\n\n<div class=\"bde-image-box-373-110 bde-image-box\">\n<div class=\"ee-imagebox-image\">\n  <img loading=\"lazy\" decoding=\"async\" class=\"breakdance-image-object\" src=\"https:\/\/blachoprojekt.pl\/wp-content\/uploads\/2025\/06\/CIEMNY-ORZECH-2-scaled.jpg\" width=\"1920\" height=\"2560\" srcset=\"https:\/\/blachoprojekt.pl\/wp-content\/uploads\/2025\/06\/CIEMNY-ORZECH-2-scaled.jpg 1920w, https:\/\/blachoprojekt.pl\/wp-content\/uploads\/2025\/06\/CIEMNY-ORZECH-2-225x300.jpg 225w, https:\/\/blachoprojekt.pl\/wp-content\/uploads\/2025\/06\/CIEMNY-ORZECH-2-768x1024.jpg 768w, https:\/\/blachoprojekt.pl\/wp-content\/uploads\/2025\/06\/CIEMNY-ORZECH-2-1152x1536.jpg 1152w, https:\/\/blachoprojekt.pl\/wp-content\/uploads\/2025\/06\/CIEMNY-ORZECH-2-1536x2048.jpg 1536w\" sizes=\"auto, (max-width: 1920px) 100vw, 1920px\">\n<\/div>\n<div class=\"ee-imagebox-content\">\n      <p class=\"ee-imagebox-title bde-h3\" >Ciemny orzech 2<\/p>\n    \n    \n  <\/div>\n\n<\/div>\n<\/div><\/div><div class=\"bde-columns-373-111 bde-columns\"><div class=\"bde-column-373-112 bde-column\">\n  \n  \n\t\n\n\n\n<div class=\"bde-image-box-373-113 bde-image-box\">\n<div class=\"ee-imagebox-image\">\n  <img loading=\"lazy\" decoding=\"async\" class=\"breakdance-image-object\" src=\"https:\/\/blachoprojekt.pl\/wp-content\/uploads\/2025\/06\/CZARNY-MAT-9005-3-scaled.jpg\" width=\"1920\" height=\"2560\" srcset=\"https:\/\/blachoprojekt.pl\/wp-content\/uploads\/2025\/06\/CZARNY-MAT-9005-3-scaled.jpg 1920w, https:\/\/blachoprojekt.pl\/wp-content\/uploads\/2025\/06\/CZARNY-MAT-9005-3-225x300.jpg 225w, https:\/\/blachoprojekt.pl\/wp-content\/uploads\/2025\/06\/CZARNY-MAT-9005-3-768x1024.jpg 768w, https:\/\/blachoprojekt.pl\/wp-content\/uploads\/2025\/06\/CZARNY-MAT-9005-3-1152x1536.jpg 1152w, https:\/\/blachoprojekt.pl\/wp-content\/uploads\/2025\/06\/CZARNY-MAT-9005-3-1536x2048.jpg 1536w\" sizes=\"auto, (max-width: 1920px) 100vw, 1920px\">\n<\/div>\n<div class=\"ee-imagebox-content\">\n      <p class=\"ee-imagebox-title bde-h3\" >Czarny mat 9005<\/p>\n    \n    \n  <\/div>\n\n<\/div>\n<\/div><div class=\"bde-column-373-114 bde-column\">\n  \n  \n\t\n\n\n\n<div class=\"bde-image-box-373-115 bde-image-box\">\n<div class=\"ee-imagebox-image\">\n  <img loading=\"lazy\" decoding=\"async\" class=\"breakdance-image-object\" src=\"https:\/\/blachoprojekt.pl\/wp-content\/uploads\/2025\/06\/GRAFIT-MAT-7016-6-scaled.jpg\" width=\"1920\" height=\"2560\" srcset=\"https:\/\/blachoprojekt.pl\/wp-content\/uploads\/2025\/06\/GRAFIT-MAT-7016-6-scaled.jpg 1920w, https:\/\/blachoprojekt.pl\/wp-content\/uploads\/2025\/06\/GRAFIT-MAT-7016-6-225x300.jpg 225w, https:\/\/blachoprojekt.pl\/wp-content\/uploads\/2025\/06\/GRAFIT-MAT-7016-6-768x1024.jpg 768w, https:\/\/blachoprojekt.pl\/wp-content\/uploads\/2025\/06\/GRAFIT-MAT-7016-6-1152x1536.jpg 1152w, https:\/\/blachoprojekt.pl\/wp-content\/uploads\/2025\/06\/GRAFIT-MAT-7016-6-1536x2048.jpg 1536w\" sizes=\"auto, (max-width: 1920px) 100vw, 1920px\">\n<\/div>\n<div class=\"ee-imagebox-content\">\n      <p class=\"ee-imagebox-title bde-h3\" >Grafit mat 7016<\/p>\n    \n    \n  <\/div>\n\n<\/div>\n<\/div><div class=\"bde-column-373-116 bde-column\">\n  \n  \n\t\n\n\n\n<div class=\"bde-image-box-373-117 bde-image-box\">\n<div class=\"ee-imagebox-image\">\n  <img loading=\"lazy\" decoding=\"async\" class=\"breakdance-image-object\" src=\"https:\/\/blachoprojekt.pl\/wp-content\/uploads\/2025\/06\/ZLOTY-BAB-NR2-1-scaled.jpg\" width=\"1920\" height=\"2560\" srcset=\"https:\/\/blachoprojekt.pl\/wp-content\/uploads\/2025\/06\/ZLOTY-BAB-NR2-1-scaled.jpg 1920w, https:\/\/blachoprojekt.pl\/wp-content\/uploads\/2025\/06\/ZLOTY-BAB-NR2-1-225x300.jpg 225w, https:\/\/blachoprojekt.pl\/wp-content\/uploads\/2025\/06\/ZLOTY-BAB-NR2-1-768x1024.jpg 768w, https:\/\/blachoprojekt.pl\/wp-content\/uploads\/2025\/06\/ZLOTY-BAB-NR2-1-1152x1536.jpg 1152w, https:\/\/blachoprojekt.pl\/wp-content\/uploads\/2025\/06\/ZLOTY-BAB-NR2-1-1536x2048.jpg 1536w\" sizes=\"auto, (max-width: 1920px) 100vw, 1920px\">\n<\/div>\n<div class=\"ee-imagebox-content\">\n      <p class=\"ee-imagebox-title bde-h3\" >Z\u0142oty d\u0105b 2<\/p>\n    \n    \n  <\/div>\n\n<\/div>\n<\/div><div class=\"bde-column-373-118 bde-column\">\n  \n  \n\t\n\n\n\n<div class=\"bde-image-box-373-119 bde-image-box\">\n<div class=\"ee-imagebox-image\">\n  <img loading=\"lazy\" decoding=\"async\" class=\"breakdance-image-object\" src=\"https:\/\/blachoprojekt.pl\/wp-content\/uploads\/2025\/06\/ZLOTY-DAB-NR1-1-scaled.jpg\" width=\"1920\" height=\"2560\" srcset=\"https:\/\/blachoprojekt.pl\/wp-content\/uploads\/2025\/06\/ZLOTY-DAB-NR1-1-scaled.jpg 1920w, https:\/\/blachoprojekt.pl\/wp-content\/uploads\/2025\/06\/ZLOTY-DAB-NR1-1-225x300.jpg 225w, https:\/\/blachoprojekt.pl\/wp-content\/uploads\/2025\/06\/ZLOTY-DAB-NR1-1-768x1024.jpg 768w, https:\/\/blachoprojekt.pl\/wp-content\/uploads\/2025\/06\/ZLOTY-DAB-NR1-1-1152x1536.jpg 1152w, https:\/\/blachoprojekt.pl\/wp-content\/uploads\/2025\/06\/ZLOTY-DAB-NR1-1-1536x2048.jpg 1536w\" sizes=\"auto, (max-width: 1920px) 100vw, 1920px\">\n<\/div>\n<div class=\"ee-imagebox-content\">\n      <p class=\"ee-imagebox-title bde-h3\" >Z\u0142oty d\u0105b 1<\/p>\n    \n    \n  <\/div>\n\n<\/div>\n<\/div><\/div><\/div>\n<\/section>","protected":false},"excerpt":{"rendered":"<p>Dost\u0119pne kolory modelu M4 Br\u0105z mat 8017 Br\u0105z mat 8019 Br\u0105\u017c po\u0142ysk 8017 Ciemny orzech 2 Czarny mat 9005 Grafit mat 7016 Z\u0142oty d\u0105b 2 Z\u0142oty d\u0105b 1<\/p>\n","protected":false},"author":1,"featured_media":0,"parent":0,"menu_order":0,"comment_status":"closed","ping_status":"closed","template":"","meta":{"_breakdance_hide_in_design_set":false,"_breakdance_tags":"","footnotes":""},"class_list":["post-373","page","type-page","status-publish","hentry"],"_links":{"self":[{"href":"https:\/\/blachoprojekt.pl\/index.php\/wp-json\/wp\/v2\/pages\/373","targetHints":{"allow":["GET"]}}],"collection":[{"href":"https:\/\/blachoprojekt.pl\/index.php\/wp-json\/wp\/v2\/pages"}],"about":[{"href":"https:\/\/blachoprojekt.pl\/index.php\/wp-json\/wp\/v2\/types\/page"}],"author":[{"embeddable":true,"href":"https:\/\/blachoprojekt.pl\/index.php\/wp-json\/wp\/v2\/users\/1"}],"replies":[{"embeddable":true,"href":"https:\/\/blachoprojekt.pl\/index.php\/wp-json\/wp\/v2\/comments?post=373"}],"version-history":[{"count":3,"href":"https:\/\/blachoprojekt.pl\/index.php\/wp-json\/wp\/v2\/pages\/373\/revisions"}],"predecessor-version":[{"id":384,"href":"https:\/\/blachoprojekt.pl\/index.php\/wp-json\/wp\/v2\/pages\/373\/revisions\/384"}],"wp:attachment":[{"href":"https:\/\/blachoprojekt.pl\/index.php\/wp-json\/wp\/v2\/media?parent=373"}],"curies":[{"name":"wp","href":"https:\/\/api.w.org\/{rel}","templated":true}]}}