{"id":386,"date":"2025-06-16T05:24:09","date_gmt":"2025-06-16T05:24:09","guid":{"rendered":"https:\/\/blachoprojekt.pl\/?page_id=386"},"modified":"2025-06-16T05:28:10","modified_gmt":"2025-06-16T05:28:10","slug":"model-m5","status":"publish","type":"page","link":"https:\/\/blachoprojekt.pl\/index.php\/model-m5\/","title":{"rendered":"Model M5"},"content":{"rendered":"<section class=\"bde-section-386-100 bde-section\">\n  \n  \n\t\n\n\n\n<div class=\"section-container\"><h1 class=\"bde-heading-386-101 bde-heading\">\nDost\u0119pne kolory modelu M5\n<\/h1><div class=\"bde-columns-386-102 bde-columns\"><div class=\"bde-column-386-103 bde-column\">\n  \n  \n\t\n\n\n\n<div class=\"bde-image-box-386-104 bde-image-box\">\n<div class=\"ee-imagebox-image\">\n  <img loading=\"lazy\" decoding=\"async\" class=\"breakdance-image-object\" src=\"https:\/\/blachoprojekt.pl\/wp-content\/uploads\/2025\/06\/BRAZ-MAT-8017-4-scaled.jpg\" width=\"1920\" height=\"2560\" srcset=\"https:\/\/blachoprojekt.pl\/wp-content\/uploads\/2025\/06\/BRAZ-MAT-8017-4-scaled.jpg 1920w, https:\/\/blachoprojekt.pl\/wp-content\/uploads\/2025\/06\/BRAZ-MAT-8017-4-225x300.jpg 225w, https:\/\/blachoprojekt.pl\/wp-content\/uploads\/2025\/06\/BRAZ-MAT-8017-4-768x1024.jpg 768w, https:\/\/blachoprojekt.pl\/wp-content\/uploads\/2025\/06\/BRAZ-MAT-8017-4-1152x1536.jpg 1152w, https:\/\/blachoprojekt.pl\/wp-content\/uploads\/2025\/06\/BRAZ-MAT-8017-4-1536x2048.jpg 1536w\" sizes=\"auto, (max-width: 1920px) 100vw, 1920px\">\n<\/div>\n<div class=\"ee-imagebox-content\">\n      <p class=\"ee-imagebox-title bde-h3\" >Br\u0105z mat 8017<\/p>\n    \n    \n  <\/div>\n\n<\/div>\n<\/div><div class=\"bde-column-386-105 bde-column\">\n  \n  \n\t\n\n\n\n<div class=\"bde-image-box-386-106 bde-image-box\">\n<div class=\"ee-imagebox-image\">\n  <img loading=\"lazy\" decoding=\"async\" class=\"breakdance-image-object\" src=\"https:\/\/blachoprojekt.pl\/wp-content\/uploads\/2025\/06\/BRAZ-POLYSK-8017-5-scaled.jpg\" width=\"1920\" height=\"2560\" srcset=\"https:\/\/blachoprojekt.pl\/wp-content\/uploads\/2025\/06\/BRAZ-POLYSK-8017-5-scaled.jpg 1920w, https:\/\/blachoprojekt.pl\/wp-content\/uploads\/2025\/06\/BRAZ-POLYSK-8017-5-225x300.jpg 225w, https:\/\/blachoprojekt.pl\/wp-content\/uploads\/2025\/06\/BRAZ-POLYSK-8017-5-768x1024.jpg 768w, https:\/\/blachoprojekt.pl\/wp-content\/uploads\/2025\/06\/BRAZ-POLYSK-8017-5-1152x1536.jpg 1152w, https:\/\/blachoprojekt.pl\/wp-content\/uploads\/2025\/06\/BRAZ-POLYSK-8017-5-1536x2048.jpg 1536w\" sizes=\"auto, (max-width: 1920px) 100vw, 1920px\">\n<\/div>\n<div class=\"ee-imagebox-content\">\n      <p class=\"ee-imagebox-title bde-h3\" >Br\u0105z po\u0142ysk 8017<\/p>\n    \n    \n  <\/div>\n\n<\/div>\n<\/div><div class=\"bde-column-386-107 bde-column\">\n  \n  \n\t\n\n\n\n<div class=\"bde-image-box-386-108 bde-image-box\">\n<div class=\"ee-imagebox-image\">\n  <img loading=\"lazy\" decoding=\"async\" class=\"breakdance-image-object\" src=\"https:\/\/blachoprojekt.pl\/wp-content\/uploads\/2025\/06\/CIEMNY-ORZECH-3-scaled.jpg\" width=\"1920\" height=\"2560\" srcset=\"https:\/\/blachoprojekt.pl\/wp-content\/uploads\/2025\/06\/CIEMNY-ORZECH-3-scaled.jpg 1920w, https:\/\/blachoprojekt.pl\/wp-content\/uploads\/2025\/06\/CIEMNY-ORZECH-3-225x300.jpg 225w, https:\/\/blachoprojekt.pl\/wp-content\/uploads\/2025\/06\/CIEMNY-ORZECH-3-768x1024.jpg 768w, https:\/\/blachoprojekt.pl\/wp-content\/uploads\/2025\/06\/CIEMNY-ORZECH-3-1152x1536.jpg 1152w, https:\/\/blachoprojekt.pl\/wp-content\/uploads\/2025\/06\/CIEMNY-ORZECH-3-1536x2048.jpg 1536w\" sizes=\"auto, (max-width: 1920px) 100vw, 1920px\">\n<\/div>\n<div class=\"ee-imagebox-content\">\n      <p class=\"ee-imagebox-title bde-h3\" >Ciemny orzech 3<\/p>\n    \n    \n  <\/div>\n\n<\/div>\n<\/div><div class=\"bde-column-386-109 bde-column\">\n  \n  \n\t\n\n\n\n<div class=\"bde-image-box-386-110 bde-image-box\">\n<div class=\"ee-imagebox-image\">\n  <img loading=\"lazy\" decoding=\"async\" class=\"breakdance-image-object\" src=\"https:\/\/blachoprojekt.pl\/wp-content\/uploads\/2025\/06\/CZARNY-MAT-9005-4-scaled.jpg\" width=\"1920\" height=\"2560\" srcset=\"https:\/\/blachoprojekt.pl\/wp-content\/uploads\/2025\/06\/CZARNY-MAT-9005-4-scaled.jpg 1920w, https:\/\/blachoprojekt.pl\/wp-content\/uploads\/2025\/06\/CZARNY-MAT-9005-4-225x300.jpg 225w, https:\/\/blachoprojekt.pl\/wp-content\/uploads\/2025\/06\/CZARNY-MAT-9005-4-768x1024.jpg 768w, https:\/\/blachoprojekt.pl\/wp-content\/uploads\/2025\/06\/CZARNY-MAT-9005-4-1152x1536.jpg 1152w, https:\/\/blachoprojekt.pl\/wp-content\/uploads\/2025\/06\/CZARNY-MAT-9005-4-1536x2048.jpg 1536w\" sizes=\"auto, (max-width: 1920px) 100vw, 1920px\">\n<\/div>\n<div class=\"ee-imagebox-content\">\n      <p class=\"ee-imagebox-title bde-h3\" >Czarny mat 9005<\/p>\n    \n    \n  <\/div>\n\n<\/div>\n<\/div><\/div><div class=\"bde-columns-386-111 bde-columns\"><div class=\"bde-column-386-112 bde-column\">\n  \n  \n\t\n\n\n\n<div class=\"bde-image-box-386-113 bde-image-box\">\n<div class=\"ee-imagebox-image\">\n  <img loading=\"lazy\" decoding=\"async\" class=\"breakdance-image-object\" src=\"https:\/\/blachoprojekt.pl\/wp-content\/uploads\/2025\/06\/GRAFIT-MAT-7016-7-scaled.jpg\" width=\"1920\" height=\"2560\" srcset=\"https:\/\/blachoprojekt.pl\/wp-content\/uploads\/2025\/06\/GRAFIT-MAT-7016-7-scaled.jpg 1920w, https:\/\/blachoprojekt.pl\/wp-content\/uploads\/2025\/06\/GRAFIT-MAT-7016-7-225x300.jpg 225w, https:\/\/blachoprojekt.pl\/wp-content\/uploads\/2025\/06\/GRAFIT-MAT-7016-7-768x1024.jpg 768w, https:\/\/blachoprojekt.pl\/wp-content\/uploads\/2025\/06\/GRAFIT-MAT-7016-7-1152x1536.jpg 1152w, https:\/\/blachoprojekt.pl\/wp-content\/uploads\/2025\/06\/GRAFIT-MAT-7016-7-1536x2048.jpg 1536w\" sizes=\"auto, (max-width: 1920px) 100vw, 1920px\">\n<\/div>\n<div class=\"ee-imagebox-content\">\n      <p class=\"ee-imagebox-title bde-h3\" >Grafit mat 7016<\/p>\n    \n    \n  <\/div>\n\n<\/div>\n<\/div><div class=\"bde-column-386-114 bde-column\">\n  \n  \n\t\n\n\n\n<div class=\"bde-image-box-386-115 bde-image-box\">\n<div class=\"ee-imagebox-image\">\n  <img loading=\"lazy\" decoding=\"async\" class=\"breakdance-image-object\" src=\"https:\/\/blachoprojekt.pl\/wp-content\/uploads\/2025\/06\/GRAFIT-POLYSK-7016-3-scaled.jpg\" width=\"1920\" height=\"2560\" srcset=\"https:\/\/blachoprojekt.pl\/wp-content\/uploads\/2025\/06\/GRAFIT-POLYSK-7016-3-scaled.jpg 1920w, https:\/\/blachoprojekt.pl\/wp-content\/uploads\/2025\/06\/GRAFIT-POLYSK-7016-3-225x300.jpg 225w, https:\/\/blachoprojekt.pl\/wp-content\/uploads\/2025\/06\/GRAFIT-POLYSK-7016-3-768x1024.jpg 768w, https:\/\/blachoprojekt.pl\/wp-content\/uploads\/2025\/06\/GRAFIT-POLYSK-7016-3-1152x1536.jpg 1152w, https:\/\/blachoprojekt.pl\/wp-content\/uploads\/2025\/06\/GRAFIT-POLYSK-7016-3-1536x2048.jpg 1536w\" sizes=\"auto, (max-width: 1920px) 100vw, 1920px\">\n<\/div>\n<div class=\"ee-imagebox-content\">\n      <p class=\"ee-imagebox-title bde-h3\" >Grafit po\u0142ysk 7016<\/p>\n    \n    \n  <\/div>\n\n<\/div>\n<\/div><div class=\"bde-column-386-116 bde-column\">\n  \n  \n\t\n\n\n\n<div class=\"bde-image-box-386-117 bde-image-box\">\n<div class=\"ee-imagebox-image\">\n  <img loading=\"lazy\" decoding=\"async\" class=\"breakdance-image-object\" src=\"https:\/\/blachoprojekt.pl\/wp-content\/uploads\/2025\/06\/ZLOTY-DAB-NR1-2-scaled.jpg\" width=\"1920\" height=\"2560\" srcset=\"https:\/\/blachoprojekt.pl\/wp-content\/uploads\/2025\/06\/ZLOTY-DAB-NR1-2-scaled.jpg 1920w, https:\/\/blachoprojekt.pl\/wp-content\/uploads\/2025\/06\/ZLOTY-DAB-NR1-2-225x300.jpg 225w, https:\/\/blachoprojekt.pl\/wp-content\/uploads\/2025\/06\/ZLOTY-DAB-NR1-2-768x1024.jpg 768w, https:\/\/blachoprojekt.pl\/wp-content\/uploads\/2025\/06\/ZLOTY-DAB-NR1-2-1152x1536.jpg 1152w, https:\/\/blachoprojekt.pl\/wp-content\/uploads\/2025\/06\/ZLOTY-DAB-NR1-2-1536x2048.jpg 1536w\" sizes=\"auto, (max-width: 1920px) 100vw, 1920px\">\n<\/div>\n<div class=\"ee-imagebox-content\">\n      <p class=\"ee-imagebox-title bde-h3\" >Z\u0142oty d\u0105b nr 1<\/p>\n    \n    \n  <\/div>\n\n<\/div>\n<\/div><div class=\"bde-column-386-118 bde-column\">\n  \n  \n\t\n\n\n\n\n<\/div><\/div><\/div>\n<\/section>","protected":false},"excerpt":{"rendered":"<p>Dost\u0119pne kolory modelu M5 Br\u0105z mat 8017 Br\u0105z po\u0142ysk 8017 Ciemny orzech 3 Czarny mat 9005 Grafit mat 7016 Grafit po\u0142ysk 7016 Z\u0142oty d\u0105b nr 1<\/p>\n","protected":false},"author":1,"featured_media":0,"parent":0,"menu_order":0,"comment_status":"closed","ping_status":"closed","template":"","meta":{"_breakdance_hide_in_design_set":false,"_breakdance_tags":"","footnotes":""},"class_list":["post-386","page","type-page","status-publish","hentry"],"_links":{"self":[{"href":"https:\/\/blachoprojekt.pl\/index.php\/wp-json\/wp\/v2\/pages\/386","targetHints":{"allow":["GET"]}}],"collection":[{"href":"https:\/\/blachoprojekt.pl\/index.php\/wp-json\/wp\/v2\/pages"}],"about":[{"href":"https:\/\/blachoprojekt.pl\/index.php\/wp-json\/wp\/v2\/types\/page"}],"author":[{"embeddable":true,"href":"https:\/\/blachoprojekt.pl\/index.php\/wp-json\/wp\/v2\/users\/1"}],"replies":[{"embeddable":true,"href":"https:\/\/blachoprojekt.pl\/index.php\/wp-json\/wp\/v2\/comments?post=386"}],"version-history":[{"count":3,"href":"https:\/\/blachoprojekt.pl\/index.php\/wp-json\/wp\/v2\/pages\/386\/revisions"}],"predecessor-version":[{"id":396,"href":"https:\/\/blachoprojekt.pl\/index.php\/wp-json\/wp\/v2\/pages\/386\/revisions\/396"}],"wp:attachment":[{"href":"https:\/\/blachoprojekt.pl\/index.php\/wp-json\/wp\/v2\/media?parent=386"}],"curies":[{"name":"wp","href":"https:\/\/api.w.org\/{rel}","templated":true}]}}