{"id":408,"date":"2025-06-16T05:32:34","date_gmt":"2025-06-16T05:32:34","guid":{"rendered":"https:\/\/blachoprojekt.pl\/?page_id=408"},"modified":"2025-06-16T05:37:36","modified_gmt":"2025-06-16T05:37:36","slug":"cennik","status":"publish","type":"page","link":"https:\/\/blachoprojekt.pl\/index.php\/cennik\/","title":{"rendered":"Cennik"},"content":{"rendered":"<section class=\"bde-section-408-100 bde-section\">\n  \n  \n\t\n\n\n\n<div class=\"section-container\"><h1 class=\"bde-heading-408-102 bde-heading\">\nCennik produkt\u00f3w\n<\/h1><div class=\"bde-rich-text-408-101 bde-rich-text breakdance-rich-text-styles\">\n<h4>SZTACHETKI METALOWE - <strong>WSZYSKIE WZORY M1.M2,M3,M4,M5 S\u0104 W TEJ SAMEJ CENIE . R\u00d3\u017bNICA W CENIE ZALE\u017bY OD KOLORU.<\/strong><\/h4>\n<h4>KOLOR BR\u0104Z RAL 8017 MAT I PO\u0141YSK - <strong>9.5 z\u0142 mb.<\/strong><\/h4>\n<h4>KOLOR BR\u0104Z RAL 8019 MAT I PO\u0141YSK - <strong>9.5 z\u0142 mb.<\/strong><\/h4>\n<h4>KOLOR GRAFIT-ANTRACYT RAL 7016 MAT I PO\u0141YSK - <strong>9.8 z\u0142 mb.<\/strong><\/h4>\n<h4>KOLOR CZARNY RAL 9005 MAT - <strong>9.8 z\u0142 mb.<\/strong><\/h4>\n<h4>KOLOR Z\u0141OTY D\u0104B - <strong>11 z\u0142 mb.<\/strong><\/h4>\n<h4>KOLOR CIEMNY ORZECH - <strong>11 z\u0142 mb<\/strong>.<\/h4>\n<h4>PANEL 17,5 cm SZEROKO\u015aCI - <strong>WSZYSTKIE KOLORY W TEJ SAMEJ CENIE 20 z\u0142 mb.<\/strong><\/h4>\n<h4>WKR\u0118TY SAMOWIERC\u0104CE POD KOLOR 19 mm 250 szt -<strong>1 paczka 80 z\u0142<\/strong><\/h4>\n<h4>KAPTURKI PLASTIKOWE NA SZTACHETKI - WSZYSTKIE KOLORY I WZORY - <strong>2 z\u0142 szt.<\/strong><\/h4>\n<h4>\u0141\u0104CZNIKI PROFILI - <strong>6 z\u0142 szt.<\/strong><\/h4>\n<h4><strong>WSZYSTKIE S\u0141UPKI , PROFILE I CEOWNIKI S\u0104 DOCINANE I MALOWANE POD WYMIAR I KOLOR USTALONY PRZEZ KLIENTA.<\/strong><\/h4>\n<h4>S\u0141UPKI 60X40 2mm \u015aCIANKA OCYNK POMALOWANE - <strong>55 z\u0142 mb.<\/strong><\/h4>\n<h4>S\u0141UPKI 60X60 2mm \u015aCIANKA OCYNK POMALOWANE - <strong>65 z\u0142 mb.<\/strong><\/h4>\n<h4>S\u0141UPKI 80X80 2mm \u015aCIANKA OCYNK POMALOWANE - <strong>85 z\u0142 mb.<\/strong><\/h4>\n<h4>PROFILE\u00a0 20X40 1.5mm \u015aCIANKA OCYNK POMALOWANE - <strong>35 z\u0142 mb.<\/strong><\/h4>\n<h4>CEOWNIKI 25X25 1.5 mm \u015aCIANKA OCYNK POMALOWANYM - <strong>35 z\u0142 mb.<\/strong><\/h4>\n<\/div><\/div>\n<\/section><section class=\"bde-section-408-103 bde-section\">\n              \n  \n  \n\t\n\n  <div class=\"section-background-overlay\"><\/div>\n\n\n<div class=\"section-container\"><div class=\"bde-text-408-104 bde-text\">\nTransport\n<\/div><h2 class=\"bde-heading-408-105 bde-heading\">\nTransport towaru do klienta na terenie ca\u0142ego kraju. \n<\/h2><div class=\"bde-text-408-106 bde-text\">\nKOSZT DOSTAWY OD 50 Z\u0141 DO 200 Z\u0141 W ZALE\u017bNO\u015aCI OD ILO\u015aCI I LOKALIZACJI DOSTAWY.<br><br>P\u0141ATNO\u015a\u0106 PRZY DOSTAWIE.<br>\n<\/div><div class=\"bde-button-408-107 bde-button\">\n    \n                        \n                        \n    \n    \n    \n    \n            \n                    \n            \n            \n\n    \n    \n    \n    \n    \n    <a class=\"breakdance-link button-atom button-atom--custom bde-button__button\" href=\"tel:530290300\" target=\"_self\" data-type=\"contact\"  >\n\n    \n        <span class=\"button-atom__text\">Zadzwo\u0144<\/span>\n\n        \n        \n                <\/a>\n\n    \n\n\n<\/div><div class=\"bde-div-408-108 bde-div\">\n              \n  \n  \n\t\n\n  <div class=\"section-background-overlay\"><\/div>\n\n\n<div class=\"bde-text-408-109 bde-text\">\nZbuduj z nami swoje ogrodzenie\n<\/div><h2 class=\"bde-heading-408-110 bde-heading\">\nCzas realizacji zam\u00f3wie\u0144 od 4 do 6 dni roboczych\n<\/h2><div class=\"bde-div-408-111 bde-div\">\n  \n  \n\t\n\n\n\n<div class=\"bde-button-408-112 bde-button\">\n    \n                        \n                        \n    \n    \n    \n    \n            \n                    \n            \n            \n\n    \n    \n    \n    \n    \n    <a class=\"breakdance-link button-atom button-atom--custom bde-button__button\" href=\"tel:530290300\" target=\"_self\" data-type=\"contact\"  >\n\n    \n        <span class=\"button-atom__text\">Ustal czas realizacji<\/span>\n\n        \n        \n                <\/a>\n\n    \n\n\n<\/div>\n<\/div>\n<\/div><\/div>\n<\/section>","protected":false},"excerpt":{"rendered":"<p>Cennik produkt\u00f3w SZTACHETKI METALOWE &#8211; WSZYSKIE WZORY M1.M2,M3,M4,M5 S\u0104 W TEJ SAMEJ CENIE . R\u00d3\u017bNICA W CENIE ZALE\u017bY OD KOLORU. KOLOR BR\u0104Z RAL 8017 MAT I PO\u0141YSK &#8211; 9.5 z\u0142 mb. KOLOR BR\u0104Z RAL 8019 MAT I PO\u0141YSK &#8211; 9.5 z\u0142 mb. KOLOR GRAFIT-ANTRACYT RAL 7016 MAT I PO\u0141YSK &#8211; 9.8 z\u0142 mb. KOLOR CZARNY [&hellip;]<\/p>\n","protected":false},"author":1,"featured_media":0,"parent":0,"menu_order":0,"comment_status":"closed","ping_status":"closed","template":"","meta":{"_breakdance_hide_in_design_set":false,"_breakdance_tags":"","footnotes":""},"class_list":["post-408","page","type-page","status-publish","hentry"],"_links":{"self":[{"href":"https:\/\/blachoprojekt.pl\/index.php\/wp-json\/wp\/v2\/pages\/408","targetHints":{"allow":["GET"]}}],"collection":[{"href":"https:\/\/blachoprojekt.pl\/index.php\/wp-json\/wp\/v2\/pages"}],"about":[{"href":"https:\/\/blachoprojekt.pl\/index.php\/wp-json\/wp\/v2\/types\/page"}],"author":[{"embeddable":true,"href":"https:\/\/blachoprojekt.pl\/index.php\/wp-json\/wp\/v2\/users\/1"}],"replies":[{"embeddable":true,"href":"https:\/\/blachoprojekt.pl\/index.php\/wp-json\/wp\/v2\/comments?post=408"}],"version-history":[{"count":10,"href":"https:\/\/blachoprojekt.pl\/index.php\/wp-json\/wp\/v2\/pages\/408\/revisions"}],"predecessor-version":[{"id":418,"href":"https:\/\/blachoprojekt.pl\/index.php\/wp-json\/wp\/v2\/pages\/408\/revisions\/418"}],"wp:attachment":[{"href":"https:\/\/blachoprojekt.pl\/index.php\/wp-json\/wp\/v2\/media?parent=408"}],"curies":[{"name":"wp","href":"https:\/\/api.w.org\/{rel}","templated":true}]}}