{"id":493,"date":"2026-03-03T12:49:32","date_gmt":"2026-03-03T12:49:32","guid":{"rendered":"https:\/\/blachoprojekt.pl\/?page_id=493"},"modified":"2026-03-03T12:53:30","modified_gmt":"2026-03-03T12:53:30","slug":"model-m6","status":"publish","type":"page","link":"https:\/\/blachoprojekt.pl\/index.php\/model-m6\/","title":{"rendered":"Model M6"},"content":{"rendered":"<section class=\"bde-section-493-100 bde-section\">\n  \n  \n\t\n\n\n\n<div class=\"section-container\"><h1 class=\"bde-heading-493-101 bde-heading\">\nDost\u0119pne kolory modelu M6\n<\/h1><div class=\"bde-columns-493-102 bde-columns\"><div class=\"bde-column-493-103 bde-column\">\n  \n  \n\t\n\n\n\n<div class=\"bde-image-box-493-104 bde-image-box\">\n<div class=\"ee-imagebox-image\">\n  <img loading=\"lazy\" decoding=\"async\" class=\"breakdance-image-object\" src=\"https:\/\/blachoprojekt.pl\/wp-content\/uploads\/2026\/03\/M6_BRAZ-MAT-8017-scaled.jpg\" width=\"1920\" height=\"2560\" srcset=\"https:\/\/blachoprojekt.pl\/wp-content\/uploads\/2026\/03\/M6_BRAZ-MAT-8017-scaled.jpg 1920w, https:\/\/blachoprojekt.pl\/wp-content\/uploads\/2026\/03\/M6_BRAZ-MAT-8017-225x300.jpg 225w, https:\/\/blachoprojekt.pl\/wp-content\/uploads\/2026\/03\/M6_BRAZ-MAT-8017-768x1024.jpg 768w, https:\/\/blachoprojekt.pl\/wp-content\/uploads\/2026\/03\/M6_BRAZ-MAT-8017-1152x1536.jpg 1152w, https:\/\/blachoprojekt.pl\/wp-content\/uploads\/2026\/03\/M6_BRAZ-MAT-8017-1536x2048.jpg 1536w\" sizes=\"auto, (max-width: 1920px) 100vw, 1920px\">\n<\/div>\n<div class=\"ee-imagebox-content\">\n      <p class=\"ee-imagebox-title bde-h3\" >Br\u0105z mat 8017<\/p>\n    \n    \n  <\/div>\n\n<\/div>\n<\/div><div class=\"bde-column-493-105 bde-column\">\n  \n  \n\t\n\n\n\n<div class=\"bde-image-box-493-106 bde-image-box\">\n<div class=\"ee-imagebox-image\">\n  <img loading=\"lazy\" decoding=\"async\" class=\"breakdance-image-object\" src=\"https:\/\/blachoprojekt.pl\/wp-content\/uploads\/2026\/03\/M6_BRAZ-MAT-8019-scaled.jpg\" width=\"1920\" height=\"2560\" srcset=\"https:\/\/blachoprojekt.pl\/wp-content\/uploads\/2026\/03\/M6_BRAZ-MAT-8019-scaled.jpg 1920w, https:\/\/blachoprojekt.pl\/wp-content\/uploads\/2026\/03\/M6_BRAZ-MAT-8019-225x300.jpg 225w, https:\/\/blachoprojekt.pl\/wp-content\/uploads\/2026\/03\/M6_BRAZ-MAT-8019-768x1024.jpg 768w, https:\/\/blachoprojekt.pl\/wp-content\/uploads\/2026\/03\/M6_BRAZ-MAT-8019-1152x1536.jpg 1152w, https:\/\/blachoprojekt.pl\/wp-content\/uploads\/2026\/03\/M6_BRAZ-MAT-8019-1536x2048.jpg 1536w\" sizes=\"auto, (max-width: 1920px) 100vw, 1920px\">\n<\/div>\n<div class=\"ee-imagebox-content\">\n      <p class=\"ee-imagebox-title bde-h3\" >Br\u0105z po\u0142ysk 8019<\/p>\n    \n    \n  <\/div>\n\n<\/div>\n<\/div><div class=\"bde-column-493-107 bde-column\">\n  \n  \n\t\n\n\n\n<div class=\"bde-image-box-493-108 bde-image-box\">\n<div class=\"ee-imagebox-image\">\n  <img loading=\"lazy\" decoding=\"async\" class=\"breakdance-image-object\" src=\"https:\/\/blachoprojekt.pl\/wp-content\/uploads\/2026\/03\/M6_CIEMNY-ORZECH-scaled.jpg\" width=\"1920\" height=\"2560\" srcset=\"https:\/\/blachoprojekt.pl\/wp-content\/uploads\/2026\/03\/M6_CIEMNY-ORZECH-scaled.jpg 1920w, https:\/\/blachoprojekt.pl\/wp-content\/uploads\/2026\/03\/M6_CIEMNY-ORZECH-225x300.jpg 225w, https:\/\/blachoprojekt.pl\/wp-content\/uploads\/2026\/03\/M6_CIEMNY-ORZECH-768x1024.jpg 768w, https:\/\/blachoprojekt.pl\/wp-content\/uploads\/2026\/03\/M6_CIEMNY-ORZECH-1152x1536.jpg 1152w, https:\/\/blachoprojekt.pl\/wp-content\/uploads\/2026\/03\/M6_CIEMNY-ORZECH-1536x2048.jpg 1536w\" sizes=\"auto, (max-width: 1920px) 100vw, 1920px\">\n<\/div>\n<div class=\"ee-imagebox-content\">\n      <p class=\"ee-imagebox-title bde-h3\" >Ciemny orzech <\/p>\n    \n    \n  <\/div>\n\n<\/div>\n<\/div><div class=\"bde-column-493-109 bde-column\">\n  \n  \n\t\n\n\n\n<div class=\"bde-image-box-493-110 bde-image-box\">\n<div class=\"ee-imagebox-image\">\n  <img loading=\"lazy\" decoding=\"async\" class=\"breakdance-image-object\" src=\"https:\/\/blachoprojekt.pl\/wp-content\/uploads\/2026\/03\/M6_CZARNY-MAT-9005-scaled.jpg\" width=\"1920\" height=\"2560\" srcset=\"https:\/\/blachoprojekt.pl\/wp-content\/uploads\/2026\/03\/M6_CZARNY-MAT-9005-scaled.jpg 1920w, https:\/\/blachoprojekt.pl\/wp-content\/uploads\/2026\/03\/M6_CZARNY-MAT-9005-225x300.jpg 225w, https:\/\/blachoprojekt.pl\/wp-content\/uploads\/2026\/03\/M6_CZARNY-MAT-9005-768x1024.jpg 768w, https:\/\/blachoprojekt.pl\/wp-content\/uploads\/2026\/03\/M6_CZARNY-MAT-9005-1152x1536.jpg 1152w, https:\/\/blachoprojekt.pl\/wp-content\/uploads\/2026\/03\/M6_CZARNY-MAT-9005-1536x2048.jpg 1536w\" sizes=\"auto, (max-width: 1920px) 100vw, 1920px\">\n<\/div>\n<div class=\"ee-imagebox-content\">\n      <p class=\"ee-imagebox-title bde-h3\" >Czarny mat 9005<\/p>\n    \n    \n  <\/div>\n\n<\/div>\n<\/div><\/div><div class=\"bde-columns-493-111 bde-columns\"><div class=\"bde-column-493-112 bde-column\">\n  \n  \n\t\n\n\n\n<div class=\"bde-image-box-493-113 bde-image-box\">\n<div class=\"ee-imagebox-image\">\n  <img loading=\"lazy\" decoding=\"async\" class=\"breakdance-image-object\" src=\"https:\/\/blachoprojekt.pl\/wp-content\/uploads\/2026\/03\/M6_GRAFIT-MAT-7016-JEDEN-ROWEK-scaled.jpg\" width=\"1920\" height=\"2560\" srcset=\"https:\/\/blachoprojekt.pl\/wp-content\/uploads\/2026\/03\/M6_GRAFIT-MAT-7016-JEDEN-ROWEK-scaled.jpg 1920w, https:\/\/blachoprojekt.pl\/wp-content\/uploads\/2026\/03\/M6_GRAFIT-MAT-7016-JEDEN-ROWEK-225x300.jpg 225w, https:\/\/blachoprojekt.pl\/wp-content\/uploads\/2026\/03\/M6_GRAFIT-MAT-7016-JEDEN-ROWEK-768x1024.jpg 768w, https:\/\/blachoprojekt.pl\/wp-content\/uploads\/2026\/03\/M6_GRAFIT-MAT-7016-JEDEN-ROWEK-1152x1536.jpg 1152w, https:\/\/blachoprojekt.pl\/wp-content\/uploads\/2026\/03\/M6_GRAFIT-MAT-7016-JEDEN-ROWEK-1536x2048.jpg 1536w\" sizes=\"auto, (max-width: 1920px) 100vw, 1920px\">\n<\/div>\n<div class=\"ee-imagebox-content\">\n      <p class=\"ee-imagebox-title bde-h3\" >Grafit mat 7016 jeden rowek<\/p>\n    \n    \n  <\/div>\n\n<\/div>\n<\/div><div class=\"bde-column-493-114 bde-column\">\n  \n  \n\t\n\n\n\n<div class=\"bde-image-box-493-115 bde-image-box\">\n<div class=\"ee-imagebox-image\">\n  <img loading=\"lazy\" decoding=\"async\" class=\"breakdance-image-object\" src=\"https:\/\/blachoprojekt.pl\/wp-content\/uploads\/2026\/03\/M6_GRAFIT-MAT-7016-TRZY-ROFKI-scaled.jpg\" width=\"1920\" height=\"2560\" srcset=\"https:\/\/blachoprojekt.pl\/wp-content\/uploads\/2026\/03\/M6_GRAFIT-MAT-7016-TRZY-ROFKI-scaled.jpg 1920w, https:\/\/blachoprojekt.pl\/wp-content\/uploads\/2026\/03\/M6_GRAFIT-MAT-7016-TRZY-ROFKI-225x300.jpg 225w, https:\/\/blachoprojekt.pl\/wp-content\/uploads\/2026\/03\/M6_GRAFIT-MAT-7016-TRZY-ROFKI-768x1024.jpg 768w, https:\/\/blachoprojekt.pl\/wp-content\/uploads\/2026\/03\/M6_GRAFIT-MAT-7016-TRZY-ROFKI-1152x1536.jpg 1152w, https:\/\/blachoprojekt.pl\/wp-content\/uploads\/2026\/03\/M6_GRAFIT-MAT-7016-TRZY-ROFKI-1536x2048.jpg 1536w\" sizes=\"auto, (max-width: 1920px) 100vw, 1920px\">\n<\/div>\n<div class=\"ee-imagebox-content\">\n      <p class=\"ee-imagebox-title bde-h3\" >Grafit mat 7016 trzy rowki<\/p>\n    \n    \n  <\/div>\n\n<\/div>\n<\/div><div class=\"bde-column-493-116 bde-column\">\n  \n  \n\t\n\n\n\n<div class=\"bde-image-box-493-117 bde-image-box\">\n<div class=\"ee-imagebox-image\">\n  <img loading=\"lazy\" decoding=\"async\" class=\"breakdance-image-object\" src=\"https:\/\/blachoprojekt.pl\/wp-content\/uploads\/2026\/03\/M6_GRAFIT-POLYSK-7016-JEDEN-ROWEK-scaled.jpg\" width=\"1920\" height=\"2560\" srcset=\"https:\/\/blachoprojekt.pl\/wp-content\/uploads\/2026\/03\/M6_GRAFIT-POLYSK-7016-JEDEN-ROWEK-scaled.jpg 1920w, https:\/\/blachoprojekt.pl\/wp-content\/uploads\/2026\/03\/M6_GRAFIT-POLYSK-7016-JEDEN-ROWEK-225x300.jpg 225w, https:\/\/blachoprojekt.pl\/wp-content\/uploads\/2026\/03\/M6_GRAFIT-POLYSK-7016-JEDEN-ROWEK-768x1024.jpg 768w, https:\/\/blachoprojekt.pl\/wp-content\/uploads\/2026\/03\/M6_GRAFIT-POLYSK-7016-JEDEN-ROWEK-1152x1536.jpg 1152w, https:\/\/blachoprojekt.pl\/wp-content\/uploads\/2026\/03\/M6_GRAFIT-POLYSK-7016-JEDEN-ROWEK-1536x2048.jpg 1536w\" sizes=\"auto, (max-width: 1920px) 100vw, 1920px\">\n<\/div>\n<div class=\"ee-imagebox-content\">\n      <p class=\"ee-imagebox-title bde-h3\" >Grafit po\u0142ysk 7016<\/p>\n    \n    \n  <\/div>\n\n<\/div>\n<\/div><div class=\"bde-column-493-118 bde-column\">\n  \n  \n\t\n\n\n\n\n<\/div><\/div><\/div>\n<\/section>","protected":false},"excerpt":{"rendered":"<p>Dost\u0119pne kolory modelu M6 Br\u0105z mat 8017 Br\u0105z po\u0142ysk 8019 Ciemny orzech Czarny mat 9005 Grafit mat 7016 jeden rowek Grafit mat 7016 trzy rowki Grafit po\u0142ysk 7016<\/p>\n","protected":false},"author":1,"featured_media":0,"parent":0,"menu_order":0,"comment_status":"closed","ping_status":"closed","template":"","meta":{"_breakdance_hide_in_design_set":false,"_breakdance_tags":"","footnotes":""},"class_list":["post-493","page","type-page","status-publish","hentry"],"_links":{"self":[{"href":"https:\/\/blachoprojekt.pl\/index.php\/wp-json\/wp\/v2\/pages\/493","targetHints":{"allow":["GET"]}}],"collection":[{"href":"https:\/\/blachoprojekt.pl\/index.php\/wp-json\/wp\/v2\/pages"}],"about":[{"href":"https:\/\/blachoprojekt.pl\/index.php\/wp-json\/wp\/v2\/types\/page"}],"author":[{"embeddable":true,"href":"https:\/\/blachoprojekt.pl\/index.php\/wp-json\/wp\/v2\/users\/1"}],"replies":[{"embeddable":true,"href":"https:\/\/blachoprojekt.pl\/index.php\/wp-json\/wp\/v2\/comments?post=493"}],"version-history":[{"count":4,"href":"https:\/\/blachoprojekt.pl\/index.php\/wp-json\/wp\/v2\/pages\/493\/revisions"}],"predecessor-version":[{"id":498,"href":"https:\/\/blachoprojekt.pl\/index.php\/wp-json\/wp\/v2\/pages\/493\/revisions\/498"}],"wp:attachment":[{"href":"https:\/\/blachoprojekt.pl\/index.php\/wp-json\/wp\/v2\/media?parent=493"}],"curies":[{"name":"wp","href":"https:\/\/api.w.org\/{rel}","templated":true}]}}